{"id":47,"date":"2015-03-06T12:21:30","date_gmt":"2015-03-06T11:21:30","guid":{"rendered":"http:\/\/localhost\/wordpress\/?page_id=47"},"modified":"2015-05-28T19:07:12","modified_gmt":"2015-05-28T17:07:12","slug":"klima","status":"publish","type":"page","link":"https:\/\/flores-acores.com\/cms\/wetter\/klima\/","title":{"rendered":"Klima"},"content":{"rendered":"<p>[et_pb_section transparent_background=&#8220;off&#8220; allow_player_pause=&#8220;off&#8220; inner_shadow=&#8220;off&#8220; parallax=&#8220;off&#8220; parallax_method=&#8220;off&#8220;][et_pb_row][et_pb_column type=&#8220;4_4&#8243;][et_pb_image admin_label=&#8220;Bild&#8220; src=&#8220;https:\/\/flores-acores.com\/cms\/wp-content\/uploads\/2015\/03\/klima1.jpg&#8220; alt=&#8220;Klima&#8220; show_in_lightbox=&#8220;off&#8220; url_new_window=&#8220;off&#8220; animation=&#8220;off&#8220; sticky=&#8220;on&#8220; \/][\/et_pb_column][\/et_pb_row][et_pb_row][et_pb_column type=&#8220;2_3&#8243;][et_pb_text admin_label=&#8220;Text&#8220; background_layout=&#8220;light&#8220; text_orientation=&#8220;left&#8220;]<\/p>\n<hr \/>\n<h1 style=\"text-align: center;\">Flores ist durch ein<br \/>\nozeanisch-subtropisches<br \/>\nKlima gepr\u00e4gt<\/h1>\n<hr \/>\n<p>Die Lage im Atlantik sorgt f\u00fcr ausgeglichene Jahreszeiten und Temperaturen. So gibt es sehr <strong>milde Winter<\/strong> und <strong>weniger hei\u00dfe Sommer<\/strong>. Zudem sind die Luftmassen aufgrund des langen Weges \u00fcber dem offenen Ozean relativ feucht. Zugleich befinden sich die Inseln w\u00e4hrend des gr\u00f6\u00dften Teiles des Jahres unter dem Einfluss der subtropischen Hochdruckzone.<\/p>\n<p>Das Azorenhoch, dem Volksmund oft bekannter als die Inseln selbst, ist dabei keinesfalls durch best\u00e4ndigen Sonnenschein gepr\u00e4gt. Aufgrund der hohen Luftfeuchtigkeit entstehen h\u00e4ufig, aber nicht immer, tiefe, mal geschlossene, mal aufgelockerte Wolkenschichten.<\/p>\n<p>Anders als z.\u00a0B. im Falle der <a title=\"Kanarische Inseln\" href=\"http:\/\/de.wikipedia.org\/wiki\/Kanarische_Inseln\">Kanaren<\/a> oder <a title=\"Madeira (Inselgruppe)\" href=\"http:\/\/de.wikipedia.org\/wiki\/Madeira_%28Inselgruppe%29\">Madeira<\/a> ist die Windrichtung auf den Azoren aber nicht vorherrschend aus Nordost, sondern wechselnd; manchmal gibt es aufgrund einer Lage mitten in der Hochachse auch sehr schwache Winde. Generell bringen diese tiefen Wolken keinen oder nur sehr schwachen Niederschlag.<\/p>\n<p>Die Inseln liegen mit 36 bis 40 Grad geographischer Breite wesentlich n\u00f6rdlicher als Madeira und die Kanaren und k\u00f6nnen daher ganzj\u00e4hrig von Tiefausl\u00e4ufern erreicht werden. Im Hochsommer herrschen etwa 50\u00a0% Sonnenschein und vorwiegend trockene Bedingungen vor.<br \/>\nAb September nimmt der Tiefeinfluss jedoch an H\u00e4ufigkeit zu, mitunter geraten die Inseln auch in den Randeinfluss von alternden <a title=\"Tropischer Wirbelsturm\" href=\"http:\/\/de.wikipedia.org\/wiki\/Tropischer_Wirbelsturm\">tropischen St\u00fcrmen<\/a>; selten, etwa einmal pro Jahrzehnt, \u00fcberqueren Reste von Tropenst\u00fcrmen sogar unmittelbar die Inseln und k\u00f6nnen dort f\u00fcr starke Winde und intensive Niederschl\u00e4ge sorgen.<\/p>\n<p>Der \u201eAzorenwinter\u201c zwischen Dezember und April erinnert eher an den September in Mitteleuropa: er kann sowohl durch relativ ruhige, milde Hochdrucklagen wie auch durch intensives Westwetter mit heftigen St\u00fcrmen, Regenfronten, Gewitter etc. gepr\u00e4gt sein. Vielfach dominiert den ganzen Monat \u00fcber entweder das Hoch oder der Tiefdruckeinfluss. Tiefgepr\u00e4gte Wintermonate k\u00f6nnen extrem regenreich sein (bis zu 300 mm), hochdruckgepr\u00e4gte dagegen trocken verlaufen.<\/p>\n<p>Das Klima auf der westlichst gelegenen Insel <a title=\"Flores (Azoren)\" href=\"http:\/\/de.wikipedia.org\/wiki\/Flores_%28Azoren%29\">Flores<\/a> ist wesentlich wolken- und regenreicher als auf der \u00f6stlich gelegenen Insel <a title=\"Santa Maria (Azoren)\" href=\"http:\/\/de.wikipedia.org\/wiki\/Santa_Maria_%28Azoren%29\">Santa Maria<\/a>. Flores hat ca. 1600 Sonnenstunden (etwa wie im Ruhrgebiet), Santa Maria ca. 1900 Stunden (etwa wie im Oberrheingraben). Die Niederschl\u00e4ge variieren zwischen 900 mm auf Santa Maria (auch etwa wie im Ruhrgebiet) und rund 1500 mm auf Flores (etwa wie im Berchtesgadener Land). Besonders signifikant ist der Unterschied im Sommer, wo Santa Maria oft trocken bleibt und damit dem mediterranen Klima \u00e4hnelt, w\u00e4hrend Flores \u00f6fter Regenschauer bekommt und damit bei den sehr warmen Temperaturen in Tieflagen schon fast feucht-tropisch anmuten kann. In h\u00f6heren Lagen der Vulkangipfel nimmt die Sonnenscheindauer weiter ab und die Niederschlagsmenge zu; mancherorts k\u00f6nnen \u00fcber 5000 mm erreicht werden (so heftig wie etwa in S\u00fcdostasien). Ab 400 m Seeh\u00f6he ist auch Nebel sehr h\u00e4ufig, insbesondere im Winter, da die Wolkenschichten sehr tief h\u00e4ngen. Die Temperaturen liegen im \u201eAzorenwinter\u201c im Mittel bei 11 Grad in der Nacht und 17 Grad am Tag. Kalte N\u00e4chte bringen etwa 6 Grad, sehr milde Tage rund 22 Grad (Wassertemperatur 16 Grad). Die Inseln sind v\u00f6llig frostfrei und erm\u00f6glichen damit auch manchen tropischen Pflanzen das \u00dcberleben. Erst ab ca. 400 m kann Frost auftreten, ab ca. 800 m in seltenen F\u00e4llen Schneefall. Der Vulkangipfel auf <a title=\"Pico (Insel)\" href=\"http:\/\/de.wikipedia.org\/wiki\/Pico_%28Insel%29\">Pico<\/a> ist mit 2300 m H\u00f6he im Winter sehr h\u00e4ufig schneebedeckt. Im Sommer (August) erreicht die mittlere Temperatur milde 19 Grad in der Nacht und 25 Grad am Tag. K\u00fchle Sommern\u00e4chte haben 15 Grad, warme Sommertage erreichen die 30-Grad-Marke. Die Wassertemperaturen betragen 22 bis 24 Grad.<\/p>\n<p>[\/et_pb_text][\/et_pb_column][et_pb_column type=&#8220;1_3&#8243;][et_pb_sidebar admin_label=&#8220;Seitenleiste&#8220; orientation=&#8220;right&#8220; area=&#8220;et_pb_widget_area_1&#8243; background_layout=&#8220;light&#8220; location=&#8220;Montreal&#8220; units=&#8220;F&#8220; size=&#8220;tall&#8220; override_title=&#8220;MTL&#8220; forecast_days=&#8220;2&#8243; hide_stats=&#8220;1&#8243; background=&#8220;http:\/\/urltoanimage.jpg&#8220; custom_bg_color=&#8220;#cccccc&#8220; inline_style=&#8220;width: 200px; margin: 20px; float: left;&#8220; background_by_weather=&#8220;1&#8243; \/][\/et_pb_column][\/et_pb_row][\/et_pb_section]<\/p>\n","protected":false},"excerpt":{"rendered":"<p><div class=\"et_pb_row et_pb_row_0 et_pb_row_empty\">\n\t\t\t\t\n\t\t\t\t\n\t\t\t\t\n\t\t\t\t\n\t\t\t\t\n\t\t\t<\/div><div class=\"et_pb_row et_pb_row_1 et_pb_row_empty\">\n\t\t\t\t\n\t\t\t\t\n\t\t\t\t\n\t\t\t\t\n\t\t\t\t\n\t\t\t<\/div> Flores ist durch ein ozeanisch-subtropisches Klima gepr\u00e4gt Die Lage im Atlantik sorgt f\u00fcr ausgeglichene Jahreszeiten und Temperaturen. So gibt es sehr milde Winter und weniger hei\u00dfe Sommer. Zudem sind die Luftmassen aufgrund des langen Weges \u00fcber dem offenen Ozean relativ feucht. Zugleich befinden sich die Inseln w\u00e4hrend des gr\u00f6\u00dften Teiles des Jahres unter dem [&hellip;]<\/p>\n","protected":false},"author":1,"featured_media":0,"parent":219,"menu_order":2,"comment_status":"open","ping_status":"open","template":"","meta":{"_et_pb_use_builder":"on","_et_pb_old_content":"<h2>Eine neue Insel zwischen Europa und der neuen Welt<\/h2><p>[learn_more caption=\"1452 entdeckte der Portugiese Diego de Teive die beiden abgeschiedenen Inseln ...\"]<\/p><p style=\"text-align: justify;\"><span style=\"color: #808080;\">1452 entdeckte der Portugiese Diego de Teive die beiden abgeschiedenen Inseln Flores und seine kleine Nachbarinsel Corvo. Fr\u00fchere Namen von Flores waren <i>S\u00e3o Tom\u00e1s<\/i> und <i>Santa Maria<\/i>. Benannt wurde die Insel aber schlie\u00dflich nach ihrer einzigartigen Fauna mit ihrer bunten Blumenlandschaft. Besiedelt wurde sie allerdings erstmals um 1470 vom Flamen Wilhelm van der Haegen. Da die Insel zu abgeschieden lag und es keine regelm\u00e4\u00dfige Schiffsverbindung zu Europa gab, verlie\u00df er diese wieder nach einigen Jahren.<\/span><\/p><hr \/><p style=\"text-align: justify;\"><span style=\"color: #999999;\"><strong>Die Inselbewohner lebten jahrhundertelang weitestgehend isoliert<\/strong><\/span><\/p><p style=\"text-align: justify;\"><span style=\"color: #808080;\">Die ersten Siedler kamen um 1500 aus Portugal und gr\u00fcndeten die Ortschaften Lajes das Flores und Santa Cruz. Sie pflanzten Mais, Getreide und Gem\u00fcse an. Farbstoffe aus der Orseilleflechte und dem F\u00e4rberwaid<\/span><\/p><p style=\"text-align: justify;\"><span style=\"color: #808080;\">\u00a0boisIn den n\u00e4chsten Jahrhunderten lebten die Einwohner weitgehend isoliert; aufgrund der abgeschiedenen Lage kamen nur selten Schiffe von den weit entfernten Azoreninseln Faial und Terceira, um Waren zu tauschen. Trotz der Isolation wurde Flores oft von Seer\u00e4ubern gepl\u00fcndert. Widerrum wird erz\u00e4hlt, dass auch die Inselbewohner falsche Signalfeuer legten um vorbeifahrende Schiffe auf die schroffen Klippen zu locken um diese anschlie\u00dfend auszurauben.<\/span><\/p><p style=\"text-align: justify;\"><span style=\"color: #808080;\">Erst Mitte des 19. Jahrhunderts kam die Wende als amerikanische Walf\u00e4nger in den Gew\u00e4ssern der Azoren Jagd auf Pottwale machten. Viele Einwohner von Flores heuerten auf den Walf\u00e4ngern an. Eines der sch\u00f6nsten amerikanischen Walfangschiffe, die <em>Wanderer<\/em>, machte sogar bis 1924 Jagd auf Wale.<\/span><\/p><p style=\"text-align: justify;\"><span style=\"color: #808080;\">1963 errichteten die Franzosen eine Fernmeldestation auf Flores. Ein Krankenhaus, ein Elektrizit\u00e4tswerk und ein Flughafen wurden in den folgenden Jahren errichtet und brachten der Insel finanziellen Aufschwung. Seit dem Abzug der Franzosen 1994 wird die Entwicklung des Tourismus forciert.<\/span><\/p><p>[\/learn_more]<\/p><p>[box] Lorem ipsum dolor sit amet, consectetuer adipiscing elit. Aenean commodo ligula eget dolor. Aenean massa. Cum sociis natoque penatibus et magnis dis parturient montes, nascetur ridiculus mus. Donec quam felis, ultricies nec, pellentesque eu, pretium quis, sem. Nulla consequat massa quis enim. Donec pede justo, fringilla ve[\/box]<\/p><p>[box type=\"info\"] Lorem ipsum dolor sit amet, consectetuer adipiscing elit. Aenean commodo ligula eget dolor. Aenean massa. Cum sociis natoque penatibus et magnis dis parturient montes, nascetur ridiculus mus. Donec quam felis, ultricies nec, pellentesque eu, pretium quis, sem. Nulla consequat massa quis enim. Donec pede justo, fringilla ve[\/box]<\/p><p>\u00a0<\/p>","_et_gb_content_width":"","footnotes":""},"class_list":["post-47","page","type-page","status-publish","hentry"],"_links":{"self":[{"href":"https:\/\/flores-acores.com\/cms\/wp-json\/wp\/v2\/pages\/47","targetHints":{"allow":["GET"]}}],"collection":[{"href":"https:\/\/flores-acores.com\/cms\/wp-json\/wp\/v2\/pages"}],"about":[{"href":"https:\/\/flores-acores.com\/cms\/wp-json\/wp\/v2\/types\/page"}],"author":[{"embeddable":true,"href":"https:\/\/flores-acores.com\/cms\/wp-json\/wp\/v2\/users\/1"}],"replies":[{"embeddable":true,"href":"https:\/\/flores-acores.com\/cms\/wp-json\/wp\/v2\/comments?post=47"}],"version-history":[{"count":9,"href":"https:\/\/flores-acores.com\/cms\/wp-json\/wp\/v2\/pages\/47\/revisions"}],"predecessor-version":[{"id":518,"href":"https:\/\/flores-acores.com\/cms\/wp-json\/wp\/v2\/pages\/47\/revisions\/518"}],"up":[{"embeddable":true,"href":"https:\/\/flores-acores.com\/cms\/wp-json\/wp\/v2\/pages\/219"}],"wp:attachment":[{"href":"https:\/\/flores-acores.com\/cms\/wp-json\/wp\/v2\/media?parent=47"}],"curies":[{"name":"wp","href":"https:\/\/api.w.org\/{rel}","templated":true}]}}