{"id":172,"date":"2015-03-08T11:44:01","date_gmt":"2015-03-08T10:44:01","guid":{"rendered":"http:\/\/test.art-visavis.de\/?page_id=172"},"modified":"2015-05-28T19:04:41","modified_gmt":"2015-05-28T17:04:41","slug":"home","status":"publish","type":"page","link":"https:\/\/flores-acores.com\/cms\/","title":{"rendered":"HOME"},"content":{"rendered":"<p>[et_pb_section fullwidth=&#8220;off&#8220; specialty=&#8220;off&#8220;][et_pb_row][et_pb_column type=&#8220;4_4&#8243;][et_pb_image admin_label=&#8220;Bild&#8220; src=&#8220;https:\/\/flores-acores.com\/cms\/wp-content\/uploads\/2015\/03\/home-flores11.jpg&#8220; show_in_lightbox=&#8220;off&#8220; url_new_window=&#8220;off&#8220; animation=&#8220;off&#8220; sticky=&#8220;on&#8220; \/][\/et_pb_column][\/et_pb_row][\/et_pb_section][et_pb_section fullwidth=&#8220;off&#8220; specialty=&#8220;off&#8220;][et_pb_row][et_pb_column type=&#8220;1_3&#8243;][et_pb_text admin_label=&#8220;Text&#8220; background_layout=&#8220;light&#8220; text_orientation=&#8220;center&#8220;]<\/p>\n<h1>Einst Unterschlupf von Piraten, heute Geheimtip f\u00fcr Wanderer und Aussteiger<\/h1>\n<h1><\/h1>\n<p>[\/et_pb_text][\/et_pb_column][et_pb_column type=&#8220;2_3&#8243;][et_pb_text admin_label=&#8220;Text&#8220; background_layout=&#8220;light&#8220; text_orientation=&#8220;left&#8220;]<\/p>\n<p>Die Azoren-Insel Flores ist der westlichste Punkt des europ\u00e4ischen Kontinents. Sie ist 16,6 Kilometer lang, maximal 12,2 Kilometer breit und beherbergt ca. 3 800 Einwohner. Zu ihrem Namen &#8222;Flores&#8220; (Blumen) kam die Insel auf Grund der vielen Blumen, die man bei ihrer Entdeckung 1452 vorfand. Das ganze Jahr hindurch bl\u00fcht es in allen Farben und im Sommer pr\u00e4gen dichte Hortensienb\u00fcsche mit ihren pr\u00e4chtigen blauen Bl\u00fcten das Bild der Insel.<\/p>\n<p>[\/et_pb_text][\/et_pb_column][\/et_pb_row][\/et_pb_section]<\/p>\n","protected":false},"excerpt":{"rendered":"<p><div class=\"et_pb_row et_pb_row_0 et_pb_row_empty\">\n\t\t\t\t\n\t\t\t\t\n\t\t\t\t\n\t\t\t\t\n\t\t\t\t\n\t\t\t<\/div><div class=\"et_pb_row et_pb_row_1 et_pb_row_empty\">\n\t\t\t\t\n\t\t\t\t\n\t\t\t\t\n\t\t\t\t\n\t\t\t\t\n\t\t\t<\/div> Einst Unterschlupf von Piraten, heute Geheimtip f\u00fcr Wanderer und Aussteiger Die Azoren-Insel Flores ist der westlichste Punkt des europ\u00e4ischen Kontinents. Sie ist 16,6 Kilometer lang, maximal 12,2 Kilometer breit und beherbergt ca. 3 800 Einwohner. Zu ihrem Namen &#8222;Flores&#8220; (Blumen) kam die Insel auf Grund der vielen Blumen, die man bei ihrer Entdeckung 1452 [&hellip;]<\/p>\n","protected":false},"author":1,"featured_media":0,"parent":0,"menu_order":7,"comment_status":"open","ping_status":"open","template":"","meta":{"_et_pb_use_builder":"on","_et_pb_old_content":"","_et_gb_content_width":"","footnotes":""},"class_list":["post-172","page","type-page","status-publish","hentry"],"_links":{"self":[{"href":"https:\/\/flores-acores.com\/cms\/wp-json\/wp\/v2\/pages\/172","targetHints":{"allow":["GET"]}}],"collection":[{"href":"https:\/\/flores-acores.com\/cms\/wp-json\/wp\/v2\/pages"}],"about":[{"href":"https:\/\/flores-acores.com\/cms\/wp-json\/wp\/v2\/types\/page"}],"author":[{"embeddable":true,"href":"https:\/\/flores-acores.com\/cms\/wp-json\/wp\/v2\/users\/1"}],"replies":[{"embeddable":true,"href":"https:\/\/flores-acores.com\/cms\/wp-json\/wp\/v2\/comments?post=172"}],"version-history":[{"count":1,"href":"https:\/\/flores-acores.com\/cms\/wp-json\/wp\/v2\/pages\/172\/revisions"}],"predecessor-version":[{"id":525,"href":"https:\/\/flores-acores.com\/cms\/wp-json\/wp\/v2\/pages\/172\/revisions\/525"}],"wp:attachment":[{"href":"https:\/\/flores-acores.com\/cms\/wp-json\/wp\/v2\/media?parent=172"}],"curies":[{"name":"wp","href":"https:\/\/api.w.org\/{rel}","templated":true}]}}